{"id":870,"date":"2018-12-15T12:32:37","date_gmt":"2018-12-15T12:32:37","guid":{"rendered":"http:\/\/pluginspoint.com\/dustrialwp\/?page_id=870"},"modified":"2018-12-15T12:32:37","modified_gmt":"2018-12-15T12:32:37","slug":"service-style-three","status":"publish","type":"page","link":"https:\/\/indunaval.com\/index.php\/service-style-three\/","title":{"rendered":"Service Style Three"},"content":{"rendered":"<p>[vc_row css=&#8221;.vc_custom_1544877142736{padding-top: 100px !important;padding-bottom: 70px !important;}&#8221;][vc_column]<div class=\"row\">\n\n    \n      <div class=\"col-lg-4  col-md-6\">\n        <div class=\"market-single-items\">\n          <div class=\"market-item-thumb market-style-3\">\n                        <a href=\"https:\/\/indunaval.com\/index.php\/en\/service\/boatyard-and-fitting-out-wharfs\/\">\n              <div class=\"img-overlay service-overlay69e19e9eb9700 activeColor d-flex align-items-center justify-content-center\">\n                  <i class=\"fa fa-link\" aria-hidden=\"true\"><\/i>\n              <\/div>\n              <img width=\"362\" height=\"262\" src=\"https:\/\/indunaval.com\/wp-content\/uploads\/2022\/01\/b751d241-11ae-410c-8583-6e35dc55b14b-362x262.jpg\" class=\"img-fluid wp-post-image\" alt=\"\" loading=\"lazy\" \/>            <\/a>\n                        <a href=\"https:\/\/indunaval.com\/index.php\/en\/service\/boatyard-and-fitting-out-wharfs\/\">\n              <div class=\"shape-style-2\"><\/div>\n              <div class=\"categories\">\n                <i class=\"flaticon-ship\"><\/i>\n              <\/div>\n            <\/a>\n                      <\/div>\n          <div class=\"market-item-details\">\n            <a href=\"https:\/\/indunaval.com\/index.php\/en\/service\/boatyard-and-fitting-out-wharfs\/\">Shipyard and outfitting berths<\/a>\n            <p class=\"card-text\">[vc_row][vc_column][vc_column_text]At VATAME and INDUNAVAL, we are committed to meer the agreed deadline and technical specifications. We carry out both dry and afloat fitting-out wharf repairs, as well as at any port required.. The slipway trolleys at our disposal are: 1 slipway trolley for vessels of up to 120m of length and 3,500 tons of dry [&hellip;]<\/p>\n          <\/div>\n        <\/div>\n      <\/div>\n\n      \n  \n      <div class=\"col-lg-4  col-md-6\">\n        <div class=\"market-single-items\">\n          <div class=\"market-item-thumb market-style-3\">\n                        <a href=\"https:\/\/indunaval.com\/index.php\/en\/service\/thickness-gauge-technical-assistance\/\">\n              <div class=\"img-overlay service-overlay69e19e9eb9700 activeColor d-flex align-items-center justify-content-center\">\n                  <i class=\"fa fa-link\" aria-hidden=\"true\"><\/i>\n              <\/div>\n              <img width=\"362\" height=\"262\" src=\"https:\/\/indunaval.com\/wp-content\/uploads\/2018\/11\/foto-asistencia-tecnica-peq-362x262.jpg\" class=\"img-fluid wp-post-image\" alt=\"\" loading=\"lazy\" \/>            <\/a>\n                        <a href=\"https:\/\/indunaval.com\/index.php\/en\/service\/thickness-gauge-technical-assistance\/\">\n              <div class=\"shape-style-2\"><\/div>\n              <div class=\"categories\">\n                <i class=\"flaticon-cogwheel\"><\/i>\n              <\/div>\n            <\/a>\n                      <\/div>\n          <div class=\"market-item-details\">\n            <a href=\"https:\/\/indunaval.com\/index.php\/en\/service\/thickness-gauge-technical-assistance\/\">Thickness measuremets, technical assistance<\/a>\n            <p class=\"card-text\">[vc_row][vc_column][vc_column_text]Thickness gauge, technical assistance. Another one of our main values is technical consulting in order to find the best solution for our client, taking into account technical requirements and execution price, giving the latter maximum priority by adapting to Bandera or Classification Society regulations. As an essential component of steel refurbishment works, we have certificates [&hellip;]<\/p>\n          <\/div>\n        <\/div>\n      <\/div>\n\n      \n  \n      <div class=\"col-lg-4  col-md-6\">\n        <div class=\"market-single-items\">\n          <div class=\"market-item-thumb market-style-3\">\n                        <a href=\"https:\/\/indunaval.com\/index.php\/en\/service\/naval-mechanics\/\">\n              <div class=\"img-overlay service-overlay69e19e9eb9700 activeColor d-flex align-items-center justify-content-center\">\n                  <i class=\"fa fa-link\" aria-hidden=\"true\"><\/i>\n              <\/div>\n              <img width=\"362\" height=\"262\" src=\"https:\/\/indunaval.com\/wp-content\/uploads\/2018\/11\/i-47-v1-362x262.jpg\" class=\"img-fluid wp-post-image\" alt=\"\" loading=\"lazy\" \/>            <\/a>\n                        <a href=\"https:\/\/indunaval.com\/index.php\/en\/service\/naval-mechanics\/\">\n              <div class=\"shape-style-2\"><\/div>\n              <div class=\"categories\">\n                <i class=\"flaticon-machine\"><\/i>\n              <\/div>\n            <\/a>\n                      <\/div>\n          <div class=\"market-item-details\">\n            <a href=\"https:\/\/indunaval.com\/index.php\/en\/service\/naval-mechanics\/\">Naval mechanics<\/a>\n            <p class=\"card-text\">[vc_row][vc_column][vc_column_text]Another strength of ours is naval mechanics. As with every other work, our mechanics possess professionalism and expertise in all kinds of engines up to 12,000-15,000 C.V. On site repairs of auxiliary engines and disassembly to then be repaired at the workshop is usual practice for us Tail shaft, azimuth thruster or VOITH repair for [&hellip;]<\/p>\n          <\/div>\n        <\/div>\n      <\/div>\n\n      \n  \n      <div class=\"col-lg-4  col-md-6\">\n        <div class=\"market-single-items\">\n          <div class=\"market-item-thumb market-style-3\">\n                        <a href=\"https:\/\/indunaval.com\/index.php\/en\/service\/cleaning-shot-blasting-and-painting\/\">\n              <div class=\"img-overlay service-overlay69e19e9eb9700 activeColor d-flex align-items-center justify-content-center\">\n                  <i class=\"fa fa-link\" aria-hidden=\"true\"><\/i>\n              <\/div>\n              <img width=\"362\" height=\"262\" src=\"https:\/\/indunaval.com\/wp-content\/uploads\/2019\/01\/I-27-v1-362x262.jpg\" class=\"img-fluid wp-post-image\" alt=\"limpieza-grallado-y-pintado\" loading=\"lazy\" \/>            <\/a>\n                        <a href=\"https:\/\/indunaval.com\/index.php\/en\/service\/cleaning-shot-blasting-and-painting\/\">\n              <div class=\"shape-style-2\"><\/div>\n              <div class=\"categories\">\n                <i class=\"flaticon-wheel\"><\/i>\n              <\/div>\n            <\/a>\n                      <\/div>\n          <div class=\"market-item-details\">\n            <a href=\"https:\/\/indunaval.com\/index.php\/en\/service\/cleaning-shot-blasting-and-painting\/\">Cleaning, sand blasting and painting<\/a>\n            <p class=\"card-text\">[vc_row][vc_column][vc_column_text]For hull cleaning and descaling, we have 2 pumps of up to 600 bars and 150 m\u00b3 flow available. () If required, we can perform grit blasting at the requested level for any hull and deck surfaces, as well as inside vessels. Surface painting is rigorously studied and coordinated with the shipowner and the paint [&hellip;]<\/p>\n          <\/div>\n        <\/div>\n      <\/div>\n\n      \n  \n      <div class=\"col-lg-4  col-md-6\">\n        <div class=\"market-single-items\">\n          <div class=\"market-item-thumb market-style-3\">\n                        <a href=\"https:\/\/indunaval.com\/index.php\/en\/service\/electricity\/\">\n              <div class=\"img-overlay service-overlay69e19e9eb9700 activeColor d-flex align-items-center justify-content-center\">\n                  <i class=\"fa fa-link\" aria-hidden=\"true\"><\/i>\n              <\/div>\n              <img width=\"362\" height=\"262\" src=\"https:\/\/indunaval.com\/wp-content\/uploads\/2018\/11\/electricidad-peq-362x262.jpg\" class=\"img-fluid wp-post-image\" alt=\"\" loading=\"lazy\" \/>            <\/a>\n                        <a href=\"https:\/\/indunaval.com\/index.php\/en\/service\/electricity\/\">\n              <div class=\"shape-style-2\"><\/div>\n              <div class=\"categories\">\n                <i class=\"flaticon-ship\"><\/i>\n              <\/div>\n            <\/a>\n                      <\/div>\n          <div class=\"market-item-details\">\n            <a href=\"https:\/\/indunaval.com\/index.php\/en\/service\/electricity\/\">Electricity<\/a>\n            <p class=\"card-text\">[vc_row][vc_column][vc_column_text]The heterogeneity of electrical equipment that can be found in ships of all nationalities and ages is so broad that being able to ensure a good service in electricity repair is one of our main considerations. Habitual work: electrical panel cleaning and readjusting, elements refurbishment, adaptation for new specifications and necessary installations such as stability [&hellip;]<\/p>\n          <\/div>\n        <\/div>\n      <\/div>\n\n      \n  \n      <div class=\"col-lg-4  col-md-6\">\n        <div class=\"market-single-items\">\n          <div class=\"market-item-thumb market-style-3\">\n                        <a href=\"https:\/\/indunaval.com\/index.php\/en\/service\/steel-boiler-making-and-piping\/\">\n              <div class=\"img-overlay service-overlay69e19e9eb9700 activeColor d-flex align-items-center justify-content-center\">\n                  <i class=\"fa fa-link\" aria-hidden=\"true\"><\/i>\n              <\/div>\n              <img width=\"362\" height=\"262\" src=\"https:\/\/indunaval.com\/wp-content\/uploads\/2019\/01\/I-30-v2-362x262.jpg\" class=\"img-fluid wp-post-image\" alt=\"aacero-caldereria-y-tuberia\" loading=\"lazy\" \/>            <\/a>\n                        <a href=\"https:\/\/indunaval.com\/index.php\/en\/service\/steel-boiler-making-and-piping\/\">\n              <div class=\"shape-style-2\"><\/div>\n              <div class=\"categories\">\n                <i class=\"flaticon-motor\"><\/i>\n              <\/div>\n            <\/a>\n                      <\/div>\n          <div class=\"market-item-details\">\n            <a href=\"https:\/\/indunaval.com\/index.php\/en\/service\/steel-boiler-making-and-piping\/\">Steel, welding and piping<\/a>\n            <p class=\"card-text\">[vc_row][vc_column][vc_column_text]One of our particular strengths is welding and boilermaking for the refurbishment, repair and construction of small vessels and new steel elements. We have at our disposal vast experience in refurbishing all the different areas of a vessel, having been able to repair the whole deck of various ships up to a total of 60 [&hellip;]<\/p>\n          <\/div>\n        <\/div>\n      <\/div>\n\n      \n  \n      <div class=\"col-lg-4  col-md-6\">\n        <div class=\"market-single-items\">\n          <div class=\"market-item-thumb market-style-3\">\n                        <a href=\"https:\/\/indunaval.com\/index.php\/service\/varadero-y-muelles-de-armamento\/\">\n              <div class=\"img-overlay service-overlay69e19e9eb9700 activeColor d-flex align-items-center justify-content-center\">\n                  <i class=\"fa fa-link\" aria-hidden=\"true\"><\/i>\n              <\/div>\n              <img width=\"362\" height=\"262\" src=\"https:\/\/indunaval.com\/wp-content\/uploads\/2019\/01\/b751d241-11ae-410c-8583-6e35dc55b14b-362x262.jpg\" class=\"img-fluid wp-post-image\" alt=\"\" loading=\"lazy\" \/>            <\/a>\n                        <a href=\"https:\/\/indunaval.com\/index.php\/service\/varadero-y-muelles-de-armamento\/\">\n              <div class=\"shape-style-2\"><\/div>\n              <div class=\"categories\">\n                <i class=\"flaticon-ship\"><\/i>\n              <\/div>\n            <\/a>\n                      <\/div>\n          <div class=\"market-item-details\">\n            <a href=\"https:\/\/indunaval.com\/index.php\/service\/varadero-y-muelles-de-armamento\/\">Varadero y muelles de armamento<\/a>\n            <p class=\"card-text\">[vc_row][vc_column][vc_column_text]En VATAME e INDUNAVAL, nos comprometemos a cumplir con los plazos pactados y especificaciones t\u00e9cnicas. Realizamos las reparaciones tanto en seco como en los muelles de armamento a flote, as\u00ed como en cualquier puerto que se nos solicite. Los carros de varada de los que disponemos son: 1 carro de varada para buques hasta 120 [&hellip;]<\/p>\n          <\/div>\n        <\/div>\n      <\/div>\n\n      \n  \n      <div class=\"col-lg-4  col-md-6\">\n        <div class=\"market-single-items\">\n          <div class=\"market-item-thumb market-style-3\">\n                        <a href=\"https:\/\/indunaval.com\/index.php\/service\/limpieza-grallado-y-pintado\/\">\n              <div class=\"img-overlay service-overlay69e19e9eb9700 activeColor d-flex align-items-center justify-content-center\">\n                  <i class=\"fa fa-link\" aria-hidden=\"true\"><\/i>\n              <\/div>\n              <img width=\"362\" height=\"262\" src=\"https:\/\/indunaval.com\/wp-content\/uploads\/2019\/01\/I-27-v1-362x262.jpg\" class=\"img-fluid wp-post-image\" alt=\"limpieza-grallado-y-pintado\" loading=\"lazy\" \/>            <\/a>\n                        <a href=\"https:\/\/indunaval.com\/index.php\/service\/limpieza-grallado-y-pintado\/\">\n              <div class=\"shape-style-2\"><\/div>\n              <div class=\"categories\">\n                <i class=\"flaticon-wheel\"><\/i>\n              <\/div>\n            <\/a>\n                      <\/div>\n          <div class=\"market-item-details\">\n            <a href=\"https:\/\/indunaval.com\/index.php\/service\/limpieza-grallado-y-pintado\/\">Limpieza, granallado y pintado<\/a>\n            <p class=\"card-text\">[vc_row][vc_column][vc_column_text]Para limpieza y desincrustado de casco disponemos de 2 bombas de hasta 600 bars y caudales de 150 m3 pudiendo emplear varias lanzas a la vez. Si se nos requiere podemos realizar el chorreo con granalla en el nivel solicitado para cualquier superficie tanto en casco, cubiertas o dentro de tanques. El pintado de superficies [&hellip;]<\/p>\n          <\/div>\n        <\/div>\n      <\/div>\n\n      \n  \n      <div class=\"col-lg-4  col-md-6\">\n        <div class=\"market-single-items\">\n          <div class=\"market-item-thumb market-style-3\">\n                        <a href=\"https:\/\/indunaval.com\/index.php\/service\/acero-caldereria-y-tuberia\/\">\n              <div class=\"img-overlay service-overlay69e19e9eb9700 activeColor d-flex align-items-center justify-content-center\">\n                  <i class=\"fa fa-link\" aria-hidden=\"true\"><\/i>\n              <\/div>\n              <img width=\"362\" height=\"262\" src=\"https:\/\/indunaval.com\/wp-content\/uploads\/2019\/01\/I-30-v2-362x262.jpg\" class=\"img-fluid wp-post-image\" alt=\"aacero-caldereria-y-tuberia\" loading=\"lazy\" \/>            <\/a>\n                        <a href=\"https:\/\/indunaval.com\/index.php\/service\/acero-caldereria-y-tuberia\/\">\n              <div class=\"shape-style-2\"><\/div>\n              <div class=\"categories\">\n                <i class=\"flaticon-motor\"><\/i>\n              <\/div>\n            <\/a>\n                      <\/div>\n          <div class=\"market-item-details\">\n            <a href=\"https:\/\/indunaval.com\/index.php\/service\/acero-caldereria-y-tuberia\/\">Acero, calderer\u00eda y tuber\u00eda<\/a>\n            <p class=\"card-text\">[vc_row][vc_column][vc_column_text]La ejecuci\u00f3n de soldadura y calderer\u00eda para la renovaci\u00f3n, reparaci\u00f3n, construcci\u00f3n de peque\u00f1as embarcaciones y de nuevos elementos, etc. en acero es para nosotros uno los puntos fuertes y punta de lanza de nuestra actividad. Contamos con muy amplia experiencia en renovaci\u00f3n de todo tipo de zonas del buque en plancha, reforzado, bancadas, etc., llegando [&hellip;]<\/p>\n          <\/div>\n        <\/div>\n      <\/div>\n\n      \n  \n      <div class=\"col-lg-4  col-md-6\">\n        <div class=\"market-single-items\">\n          <div class=\"market-item-thumb market-style-3\">\n                        <a href=\"https:\/\/indunaval.com\/index.php\/service\/mecanica-naval\/\">\n              <div class=\"img-overlay service-overlay69e19e9eb9700 activeColor d-flex align-items-center justify-content-center\">\n                  <i class=\"fa fa-link\" aria-hidden=\"true\"><\/i>\n              <\/div>\n              <img width=\"362\" height=\"262\" src=\"https:\/\/indunaval.com\/wp-content\/uploads\/2018\/11\/i-47-v1-362x262.jpg\" class=\"img-fluid wp-post-image\" alt=\"\" loading=\"lazy\" \/>            <\/a>\n                        <a href=\"https:\/\/indunaval.com\/index.php\/service\/mecanica-naval\/\">\n              <div class=\"shape-style-2\"><\/div>\n              <div class=\"categories\">\n                <i class=\"flaticon-machine\"><\/i>\n              <\/div>\n            <\/a>\n                      <\/div>\n          <div class=\"market-item-details\">\n            <a href=\"https:\/\/indunaval.com\/index.php\/service\/mecanica-naval\/\">Mec\u00e1nica naval<\/a>\n            <p class=\"card-text\">[vc_row][vc_column][vc_column_text]Otro gran punto fuerte es la mec\u00e1nica naval, como para todos los dem\u00e1s trabajos, nuestros mec\u00e1nicos poseen una profesionalidad muy alta y experiencia en todo tipo de motores principales de hasta 12000 \u2013 15000 C.V. La reparaci\u00f3n in situ de motores auxiliares o desmontaje de los mismos para su reparaci\u00f3n en el taller es algo [&hellip;]<\/p>\n          <\/div>\n        <\/div>\n      <\/div>\n\n      \n  \n      <div class=\"col-lg-4  col-md-6\">\n        <div class=\"market-single-items\">\n          <div class=\"market-item-thumb market-style-3\">\n                        <a href=\"https:\/\/indunaval.com\/index.php\/service\/electricidad\/\">\n              <div class=\"img-overlay service-overlay69e19e9eb9700 activeColor d-flex align-items-center justify-content-center\">\n                  <i class=\"fa fa-link\" aria-hidden=\"true\"><\/i>\n              <\/div>\n              <img width=\"362\" height=\"262\" src=\"https:\/\/indunaval.com\/wp-content\/uploads\/2018\/11\/electricidad-peq-362x262.jpg\" class=\"img-fluid wp-post-image\" alt=\"\" loading=\"lazy\" \/>            <\/a>\n                        <a href=\"https:\/\/indunaval.com\/index.php\/service\/electricidad\/\">\n              <div class=\"shape-style-2\"><\/div>\n              <div class=\"categories\">\n                <i class=\"flaticon-ship\"><\/i>\n              <\/div>\n            <\/a>\n                      <\/div>\n          <div class=\"market-item-details\">\n            <a href=\"https:\/\/indunaval.com\/index.php\/service\/electricidad\/\">Electricidad<\/a>\n            <p class=\"card-text\">[vc_row][vc_column][vc_column_text]La heterogeneidad de los equipos el\u00e9ctricos que se pueden encontrar en barcos de todas las nacionalidades y edades es tan amplia que poder asegurar un buen servicio en cuanto reparaci\u00f3n de electricidad es para nosotros una gran consideraci\u00f3n. Trabajos habituales son la limpieza y reapriete de cuadros el\u00e9ctricos, renovaci\u00f3n de elementos, adaptaciones a nuevas especificaciones [&hellip;]<\/p>\n          <\/div>\n        <\/div>\n      <\/div>\n\n      \n  \n      <div class=\"col-lg-4  col-md-6\">\n        <div class=\"market-single-items\">\n          <div class=\"market-item-thumb market-style-3\">\n                        <a href=\"https:\/\/indunaval.com\/index.php\/service\/medicion-de-espesores-asistencia-tecnica\/\">\n              <div class=\"img-overlay service-overlay69e19e9eb9700 activeColor d-flex align-items-center justify-content-center\">\n                  <i class=\"fa fa-link\" aria-hidden=\"true\"><\/i>\n              <\/div>\n              <img width=\"362\" height=\"262\" src=\"https:\/\/indunaval.com\/wp-content\/uploads\/2018\/11\/foto-asistencia-tecnica-peq-362x262.jpg\" class=\"img-fluid wp-post-image\" alt=\"\" loading=\"lazy\" \/>            <\/a>\n                        <a href=\"https:\/\/indunaval.com\/index.php\/service\/medicion-de-espesores-asistencia-tecnica\/\">\n              <div class=\"shape-style-2\"><\/div>\n              <div class=\"categories\">\n                <i class=\"flaticon-cogwheel\"><\/i>\n              <\/div>\n            <\/a>\n                      <\/div>\n          <div class=\"market-item-details\">\n            <a href=\"https:\/\/indunaval.com\/index.php\/service\/medicion-de-espesores-asistencia-tecnica\/\">Medici\u00f3n de espesores, asistencia t\u00e9cnica<\/a>\n            <p class=\"card-text\">[vc_row][vc_column][vc_column_text]Medici\u00f3n de espesores, asistencia t\u00e9cnica. Otro de nuestros principales valores es el asesoramiento t\u00e9cnico con la finalidad de encontrar la mejor soluci\u00f3n para nuestro cliente entre las necesidades t\u00e9cnicas y el precio de ejecuci\u00f3n, teniendo esto \u00faltimo muy en cuenta y d\u00e1ndole toda la importancia, adaptando todo ello a las posibles exigencias de normativas de [&hellip;]<\/p>\n          <\/div>\n        <\/div>\n      <\/div>\n\n      \n  <\/div>\n\n[\/vc_column][\/vc_row]<\/p>\n","protected":false},"excerpt":{"rendered":"<p>[vc_row css=&#8221;.vc_custom_1544877142736{padding-top: 100px !important;padding-bottom: 70px !important;}&#8221;][vc_column][\/vc_column][\/vc_row]<\/p>\n","protected":false},"author":1,"featured_media":0,"parent":0,"menu_order":0,"comment_status":"closed","ping_status":"closed","template":"page-template\/blank-page-sidebar.php","meta":[],"_links":{"self":[{"href":"https:\/\/indunaval.com\/index.php\/wp-json\/wp\/v2\/pages\/870"}],"collection":[{"href":"https:\/\/indunaval.com\/index.php\/wp-json\/wp\/v2\/pages"}],"about":[{"href":"https:\/\/indunaval.com\/index.php\/wp-json\/wp\/v2\/types\/page"}],"author":[{"embeddable":true,"href":"https:\/\/indunaval.com\/index.php\/wp-json\/wp\/v2\/users\/1"}],"replies":[{"embeddable":true,"href":"https:\/\/indunaval.com\/index.php\/wp-json\/wp\/v2\/comments?post=870"}],"version-history":[{"count":0,"href":"https:\/\/indunaval.com\/index.php\/wp-json\/wp\/v2\/pages\/870\/revisions"}],"wp:attachment":[{"href":"https:\/\/indunaval.com\/index.php\/wp-json\/wp\/v2\/media?parent=870"}],"curies":[{"name":"wp","href":"https:\/\/api.w.org\/{rel}","templated":true}]}}