{"id":2351,"date":"2020-05-20T18:08:27","date_gmt":"2020-05-20T16:08:27","guid":{"rendered":"https:\/\/indunaval.com\/?page_id=2351"},"modified":"2021-12-01T10:53:57","modified_gmt":"2021-12-01T09:53:57","slug":"politica-de-privacidad","status":"publish","type":"page","link":"https:\/\/indunaval.com\/index.php\/politica-de-privacidad\/","title":{"rendered":"Pol\u00edtica de privacidad"},"content":{"rendered":"<p>[vc_row][vc_column][vc_column_text]<span style=\"font-weight: 400;\">El tratamiento de datos personales realizado a trav\u00e9s de este sitio web de INDUSTRIAS NAVALES, SL.\u00a0 se regula seg\u00fan lo establecido en normativa Europea de protecci\u00f3n de datos \u2013 Reglamento (UE) 2016\/679 \u2013 Reglamento General de Protecci\u00f3n de Datos (RGPD) \u2013 , Ley Org\u00e1nica 3\/2018, de 5 de diciembre, de Protecci\u00f3n de Datos Personales y garant\u00eda de los derechos digitales, y dem\u00e1s normativa en materia de protecci\u00f3n de datos que sea de aplicaci\u00f3n, al objeto de garantizar en todo momento el derecho fundamental a la protecci\u00f3n de datos de las personas usuarias del mismo.<\/span>[\/vc_column_text][\/vc_column][\/vc_row]<\/p>\n","protected":false},"excerpt":{"rendered":"<p>[vc_row][vc_column][vc_column_text]El tratamiento de datos personales realizado a trav\u00e9s de este sitio web de INDUSTRIAS NAVALES, SL.\u00a0 se regula seg\u00fan lo establecido en normativa Europea de protecci\u00f3n de datos \u2013 Reglamento (UE) 2016\/679 \u2013 Reglamento General de Protecci\u00f3n de Datos (RGPD) \u2013 , Ley Org\u00e1nica 3\/2018, de 5 de diciembre, de Protecci\u00f3n de Datos Personales y [&hellip;]<\/p>\n","protected":false},"author":1,"featured_media":0,"parent":0,"menu_order":0,"comment_status":"closed","ping_status":"closed","template":"page-template\/blank-page-sidebar.php","meta":[],"_links":{"self":[{"href":"https:\/\/indunaval.com\/index.php\/wp-json\/wp\/v2\/pages\/2351"}],"collection":[{"href":"https:\/\/indunaval.com\/index.php\/wp-json\/wp\/v2\/pages"}],"about":[{"href":"https:\/\/indunaval.com\/index.php\/wp-json\/wp\/v2\/types\/page"}],"author":[{"embeddable":true,"href":"https:\/\/indunaval.com\/index.php\/wp-json\/wp\/v2\/users\/1"}],"replies":[{"embeddable":true,"href":"https:\/\/indunaval.com\/index.php\/wp-json\/wp\/v2\/comments?post=2351"}],"version-history":[{"count":4,"href":"https:\/\/indunaval.com\/index.php\/wp-json\/wp\/v2\/pages\/2351\/revisions"}],"predecessor-version":[{"id":2429,"href":"https:\/\/indunaval.com\/index.php\/wp-json\/wp\/v2\/pages\/2351\/revisions\/2429"}],"wp:attachment":[{"href":"https:\/\/indunaval.com\/index.php\/wp-json\/wp\/v2\/media?parent=2351"}],"curies":[{"name":"wp","href":"https:\/\/api.w.org\/{rel}","templated":true}]}}